{"id":187,"date":"2022-07-16T07:10:38","date_gmt":"2022-07-16T10:10:38","guid":{"rendered":"https:\/\/drformen.med.br\/clinicamedica\/?page_id=187"},"modified":"2023-03-27T14:46:51","modified_gmt":"2023-03-27T17:46:51","slug":"testerio","status":"publish","type":"page","link":"https:\/\/drformen.med.br\/clinicamedica\/testerio\/","title":{"rendered":"testerio"},"content":{"rendered":"\t\t<div data-elementor-type=\"wp-page\" data-elementor-id=\"187\" class=\"elementor elementor-187\" data-elementor-post-type=\"page\">\n\t\t\t\t\t\t<section class=\"elementor-section elementor-top-section elementor-element elementor-element-0721c56 elementor-section-boxed elementor-section-height-default elementor-section-height-default\" data-id=\"0721c56\" data-element_type=\"section\" data-e-type=\"section\">\n\t\t\t\t\t\t<div class=\"elementor-container elementor-column-gap-default\">\n\t\t\t\t\t<div class=\"elementor-column elementor-col-100 elementor-top-column elementor-element elementor-element-27882b4\" data-id=\"27882b4\" data-element_type=\"column\" data-e-type=\"column\">\n\t\t\t<div class=\"elementor-widget-wrap elementor-element-populated\">\n\t\t\t\t\t\t<div class=\"elementor-element elementor-element-d3d9941 elementor-widget elementor-widget-image\" data-id=\"d3d9941\" data-element_type=\"widget\" data-e-type=\"widget\" data-widget_type=\"image.default\">\n\t\t\t\t<div class=\"elementor-widget-container\">\n\t\t\t\t\t\t\t\t\t\t\t\t\t\t\t<img decoding=\"async\" width=\"300\" height=\"85\" src=\"https:\/\/drformen.med.br\/clinicamedica\/wp-content\/uploads\/2022\/06\/logo-drformen-1-1-e1677862981719-300x85.png\" class=\"attachment-medium size-medium wp-image-62\" alt=\"dr. formen\" srcset=\"https:\/\/drformen.med.br\/clinicamedica\/wp-content\/uploads\/2022\/06\/logo-drformen-1-1-e1677862981719-300x85.png 300w, https:\/\/drformen.med.br\/clinicamedica\/wp-content\/uploads\/2022\/06\/logo-drformen-1-1-e1677862981719-30x9.png 30w, https:\/\/drformen.med.br\/clinicamedica\/wp-content\/uploads\/2022\/06\/logo-drformen-1-1-e1677862981719.png 360w\" sizes=\"(max-width: 300px) 100vw, 300px\" \/>\t\t\t\t\t\t\t\t\t\t\t\t\t\t\t<\/div>\n\t\t\t\t<\/div>\n\t\t\t\t<div class=\"elementor-element elementor-element-89a2c3d elementor-widget elementor-widget-wpforms\" data-id=\"89a2c3d\" data-element_type=\"widget\" data-e-type=\"widget\" data-widget_type=\"wpforms.default\">\n\t\t\t\t<div class=\"elementor-widget-container\">\n\t\t\t\t\t<div class=\"wpforms-container wpforms-container-full wpforms-form-abandonment\" id=\"wpforms-172\"><form id=\"wpforms-form-172\" class=\"wpforms-validate wpforms-form wpforms-ajax-form\" data-formid=\"172\" method=\"post\" enctype=\"multipart\/form-data\" action=\"\/clinicamedica\/wp-json\/wp\/v2\/pages\/187\" data-token=\"d2f8ef0713b343d651d129c3e25284d5\" data-token-time=\"1776869640\"><div class=\"wpforms-head-container\"><div class=\"wpforms-title\">Teste Online - Dr. Formen Rio de Janeiro<\/div><\/div><noscript class=\"wpforms-error-noscript\">Ative o JavaScript no seu navegador para preencher este formul\u00e1rio.<\/noscript><div class=\"wpforms-field-container\"><div id=\"wpforms-172-field_0-container\" class=\"wpforms-field wpforms-field-name nome\" data-field-type=\"name\" data-field-id=\"0\"><label class=\"wpforms-field-label\" for=\"wpforms-172-field_0\">Qual \u00e9 o seu nome? <span class=\"wpforms-required-label\">*<\/span><\/label><input type=\"text\" id=\"wpforms-172-field_0\" class=\"wpforms-field-medium wpforms-field-required\" name=\"wpforms[fields][0]\" placeholder=\"Nome e Sobrenome\" required><\/div><div id=\"wpforms-172-field_3-container\" class=\"wpforms-field wpforms-field-phone whatsapp\" data-field-type=\"phone\" data-field-id=\"3\"><label class=\"wpforms-field-label\" for=\"wpforms-172-field_3\">Telefone WhatsApp (com DDD) <span class=\"wpforms-required-label\">*<\/span><\/label><input type=\"tel\" id=\"wpforms-172-field_3\" class=\"wpforms-field-medium wpforms-field-required wpforms-smart-phone-field\" data-rule-smart-phone-field=\"true\" name=\"wpforms[fields][3]\" placeholder=\"(DDD) + N\u00daMERO\" aria-label=\"Telefone WhatsApp (com DDD)\" required><\/div><div id=\"wpforms-172-field_5-container\" class=\"wpforms-field wpforms-field-email email\" data-field-type=\"email\" data-field-id=\"5\"><label class=\"wpforms-field-label\" for=\"wpforms-172-field_5\">E-mail (Opcional)<\/label><input type=\"email\" id=\"wpforms-172-field_5\" class=\"wpforms-field-medium\" name=\"wpforms[fields][5]\" spellcheck=\"false\" ><\/div><div id=\"wpforms-172-field_6-container\" class=\"wpforms-field wpforms-field-radio\" data-field-type=\"radio\" data-field-id=\"6\"><label class=\"wpforms-field-label\">Qual o problema que mais tem observado: <span class=\"wpforms-required-label\">*<\/span><\/label><ul id=\"wpforms-172-field_6\" class=\"wpforms-field-required\"><li class=\"choice-1 depth-1\"><input type=\"radio\" id=\"wpforms-172-field_6_1\" name=\"wpforms[fields][6]\" value=\"Ejacula\u00e7\u00e3o Precoce (r\u00e1pida)\" required ><label class=\"wpforms-field-label-inline\" for=\"wpforms-172-field_6_1\">Ejacula\u00e7\u00e3o Precoce (r\u00e1pida)<\/label><\/li><li class=\"choice-2 depth-1\"><input type=\"radio\" id=\"wpforms-172-field_6_2\" name=\"wpforms[fields][6]\" value=\"Disfun\u00e7\u00e3o Er\u00e9til (impot\u00eancia)\" required ><label class=\"wpforms-field-label-inline\" for=\"wpforms-172-field_6_2\">Disfun\u00e7\u00e3o Er\u00e9til (impot\u00eancia)<\/label><\/li><li class=\"choice-3 depth-1\"><input type=\"radio\" id=\"wpforms-172-field_6_3\" name=\"wpforms[fields][6]\" value=\"Disfun\u00e7\u00e3o Er\u00e9til e Ejacula\u00e7\u00e3o Precoce\" required ><label class=\"wpforms-field-label-inline\" for=\"wpforms-172-field_6_3\">Disfun\u00e7\u00e3o Er\u00e9til e Ejacula\u00e7\u00e3o Precoce<\/label><\/li><li class=\"choice-4 depth-1\"><input type=\"radio\" id=\"wpforms-172-field_6_4\" name=\"wpforms[fields][6]\" value=\"Falta de desejo sexual\/libido\" required ><label class=\"wpforms-field-label-inline\" for=\"wpforms-172-field_6_4\">Falta de desejo sexual\/libido<\/label><\/li><li class=\"choice-5 depth-1\"><input type=\"radio\" id=\"wpforms-172-field_6_5\" name=\"wpforms[fields][6]\" value=\"Dificuldade para ejacular\" required ><label class=\"wpforms-field-label-inline\" for=\"wpforms-172-field_6_5\">Dificuldade para ejacular<\/label><\/li><\/ul><\/div><\/div><!-- .wpforms-field-container --><div class=\"wpforms-submit-container\" ><input type=\"hidden\" name=\"wpforms[id]\" value=\"172\"><input type=\"hidden\" name=\"page_title\" value=\"\"><input type=\"hidden\" name=\"page_url\" value=\"https:\/\/drformen.med.br\/clinicamedica\/wp-json\/wp\/v2\/pages\/187\"><input type=\"hidden\" name=\"url_referer\" value=\"\"><button type=\"submit\" name=\"wpforms[submit]\" id=\"wpforms-submit-172\" class=\"wpforms-submit\" data-alt-text=\"Carregando...\" data-submit-text=\"Iniciar\" aria-live=\"assertive\" value=\"wpforms-submit\">Iniciar<\/button><img decoding=\"async\" src=\"https:\/\/drformen.med.br\/clinicamedica\/wp-content\/plugins\/wpforms\/assets\/images\/submit-spin.svg\" class=\"wpforms-submit-spinner\" style=\"display: none;\" width=\"26\" height=\"26\" alt=\"Carregando\"><\/div><\/form><\/div>  <!-- .wpforms-container -->\t\t\t\t<\/div>\n\t\t\t\t<\/div>\n\t\t\t\t\t<\/div>\n\t\t<\/div>\n\t\t\t\t\t<\/div>\n\t\t<\/section>\n\t\t\t\t<\/div>\n\t\t","protected":false},"excerpt":{"rendered":"","protected":false},"author":1,"featured_media":0,"parent":0,"menu_order":0,"comment_status":"closed","ping_status":"closed","template":"elementor_canvas","meta":{"footnotes":""},"class_list":["post-187","page","type-page","status-publish","hentry"],"_links":{"self":[{"href":"https:\/\/drformen.med.br\/clinicamedica\/wp-json\/wp\/v2\/pages\/187","targetHints":{"allow":["GET"]}}],"collection":[{"href":"https:\/\/drformen.med.br\/clinicamedica\/wp-json\/wp\/v2\/pages"}],"about":[{"href":"https:\/\/drformen.med.br\/clinicamedica\/wp-json\/wp\/v2\/types\/page"}],"author":[{"embeddable":true,"href":"https:\/\/drformen.med.br\/clinicamedica\/wp-json\/wp\/v2\/users\/1"}],"replies":[{"embeddable":true,"href":"https:\/\/drformen.med.br\/clinicamedica\/wp-json\/wp\/v2\/comments?post=187"}],"version-history":[{"count":0,"href":"https:\/\/drformen.med.br\/clinicamedica\/wp-json\/wp\/v2\/pages\/187\/revisions"}],"wp:attachment":[{"href":"https:\/\/drformen.med.br\/clinicamedica\/wp-json\/wp\/v2\/media?parent=187"}],"curies":[{"name":"wp","href":"https:\/\/api.w.org\/{rel}","templated":true}]}}